{"id":2,"date":"2019-06-27T20:37:14","date_gmt":"2019-06-27T18:37:14","guid":{"rendered":"https:\/\/segurosbelloro.com\/?page_id=2"},"modified":"2022-08-12T23:17:41","modified_gmt":"2022-08-12T21:17:41","slug":"preguntas-frecuentes","status":"publish","type":"page","link":"https:\/\/segurosbelloro.com\/?page_id=2","title":{"rendered":"PREGUNTAS FRECUENTES"},"content":{"rendered":"\t\t<div data-elementor-type=\"wp-post\" data-elementor-id=\"2\" class=\"elementor elementor-2\">\n\t\t\t\t\t\t<section class=\"elementor-section elementor-top-section elementor-element elementor-element-eb49998 elementor-section-full_width elementor-section-content-middle elementor-section-height-default elementor-section-height-default\" data-id=\"eb49998\" data-element_type=\"section\">\n\t\t\t\t\t\t\t<div class=\"elementor-background-overlay\"><\/div>\n\t\t\t\t\t\t\t<div class=\"elementor-container elementor-column-gap-default\">\n\t\t\t\t\t<div class=\"elementor-column elementor-col-33 elementor-top-column elementor-element elementor-element-92b5cd9\" data-id=\"92b5cd9\" data-element_type=\"column\">\n\t\t\t<div class=\"elementor-widget-wrap\">\n\t\t\t\t\t\t\t<\/div>\n\t\t<\/div>\n\t\t\t\t<div class=\"elementor-column elementor-col-33 elementor-top-column elementor-element elementor-element-67f94f72\" data-id=\"67f94f72\" data-element_type=\"column\">\n\t\t\t<div class=\"elementor-widget-wrap elementor-element-populated\">\n\t\t\t\t\t\t<div class=\"elementor-element elementor-element-9661708 elementor-widget elementor-widget-heading\" data-id=\"9661708\" data-element_type=\"widget\" data-widget_type=\"heading.default\">\n\t\t\t\t<div class=\"elementor-widget-container\">\n\t\t\t<h2 class=\"elementor-heading-title elementor-size-default\">PREGUNTAS FRECUENTES<\/h2>\t\t<\/div>\n\t\t\t\t<\/div>\n\t\t\t\t<div class=\"elementor-element elementor-element-74ce999 elementor-widget-divider--view-line elementor-widget elementor-widget-divider\" data-id=\"74ce999\" data-element_type=\"widget\" data-widget_type=\"divider.default\">\n\t\t\t\t<div class=\"elementor-widget-container\">\n\t\t\t\t\t<div class=\"elementor-divider\">\n\t\t\t<span class=\"elementor-divider-separator\">\n\t\t\t\t\t\t<\/span>\n\t\t<\/div>\n\t\t\t\t<\/div>\n\t\t\t\t<\/div>\n\t\t\t\t\t<\/div>\n\t\t<\/div>\n\t\t\t\t<div class=\"elementor-column elementor-col-33 elementor-top-column elementor-element elementor-element-b0f415d\" data-id=\"b0f415d\" data-element_type=\"column\">\n\t\t\t<div class=\"elementor-widget-wrap\">\n\t\t\t\t\t\t\t<\/div>\n\t\t<\/div>\n\t\t\t\t\t<\/div>\n\t\t<\/section>\n\t\t\t\t<section class=\"elementor-section elementor-top-section elementor-element elementor-element-4a8160b elementor-section-boxed elementor-section-height-default elementor-section-height-default\" data-id=\"4a8160b\" data-element_type=\"section\">\n\t\t\t\t\t\t<div class=\"elementor-container elementor-column-gap-default\">\n\t\t\t\t\t<div class=\"elementor-column elementor-col-50 elementor-top-column elementor-element elementor-element-5e9a48f\" data-id=\"5e9a48f\" data-element_type=\"column\">\n\t\t\t<div class=\"elementor-widget-wrap elementor-element-populated\">\n\t\t\t\t\t\t<div class=\"elementor-element elementor-element-26791a3 elementor-widget elementor-widget-image\" data-id=\"26791a3\" data-element_type=\"widget\" data-widget_type=\"image.default\">\n\t\t\t\t<div class=\"elementor-widget-container\">\n\t\t\t\t\t\t\t\t\t\t\t\t\t<img fetchpriority=\"high\" decoding=\"async\" width=\"768\" height=\"528\" src=\"https:\/\/segurosbelloro.com\/wp-content\/uploads\/2019\/07\/la-importnacia-de-un-seguro-768x528.png\" class=\"attachment-medium_large size-medium_large wp-image-821\" alt=\"\" srcset=\"https:\/\/segurosbelloro.com\/wp-content\/uploads\/2019\/07\/la-importnacia-de-un-seguro-768x528.png 768w, https:\/\/segurosbelloro.com\/wp-content\/uploads\/2019\/07\/la-importnacia-de-un-seguro-300x206.png 300w, https:\/\/segurosbelloro.com\/wp-content\/uploads\/2019\/07\/la-importnacia-de-un-seguro-1024x705.png 1024w, https:\/\/segurosbelloro.com\/wp-content\/uploads\/2019\/07\/la-importnacia-de-un-seguro.png 1600w\" sizes=\"(max-width: 768px) 100vw, 768px\" \/>\t\t\t\t\t\t\t\t\t\t\t\t\t<\/div>\n\t\t\t\t<\/div>\n\t\t\t\t\t<\/div>\n\t\t<\/div>\n\t\t\t\t<div class=\"elementor-column elementor-col-50 elementor-top-column elementor-element elementor-element-2903c80\" data-id=\"2903c80\" data-element_type=\"column\">\n\t\t\t<div class=\"elementor-widget-wrap elementor-element-populated\">\n\t\t\t\t\t\t<div class=\"elementor-element elementor-element-1361bdd elementor-widget elementor-widget-heading\" data-id=\"1361bdd\" data-element_type=\"widget\" data-widget_type=\"heading.default\">\n\t\t\t\t<div class=\"elementor-widget-container\">\n\t\t\t<h2 class=\"elementor-heading-title elementor-size-default\">\u00bfQu\u00e9 es un seguro?<\/h2>\t\t<\/div>\n\t\t\t\t<\/div>\n\t\t\t\t<div class=\"elementor-element elementor-element-ba3497e elementor-widget elementor-widget-text-editor\" data-id=\"ba3497e\" data-element_type=\"widget\" data-widget_type=\"text-editor.default\">\n\t\t\t\t<div class=\"elementor-widget-container\">\n\t\t\t\t\t\t\t<p>Los contratos de seguros est\u00e1n legislados por la Ley de Seguros N\u00ba 17.418.<\/p>\n<p>Las compa\u00f1\u00edas aseguradoras, Productores Asesores de Seguros y Agentes Institorios se encuentran bajo control y Supervisi\u00f3n de Seguros de la Naci\u00f3n.<\/p>\n<p>Hay contrato de seguro cuando el asegurador se obliga, mediante una prima o cotizaci\u00f3n, a resarcir un da\u00f1o o cumplir la prestaci\u00f3n convenida si ocurre un evento previsto. Las compa\u00f1\u00edas aseguradoras cumplen una importante funci\u00f3n social, pues mantienen \u00e1ndenme el patrimonio del asegurado ante una p\u00e9rdida o por un da\u00f1o que implicara una indemnizaci\u00f3n econ\u00f3mica de un monto superior a su capacidad.<\/p>\t\t\t\t\t\t<\/div>\n\t\t\t\t<\/div>\n\t\t\t\t\t<\/div>\n\t\t<\/div>\n\t\t\t\t\t<\/div>\n\t\t<\/section>\n\t\t\t\t<section class=\"elementor-section elementor-top-section elementor-element elementor-element-b41aeeb elementor-section-boxed elementor-section-height-default elementor-section-height-default\" data-id=\"b41aeeb\" data-element_type=\"section\" data-settings=\"{&quot;background_background&quot;:&quot;classic&quot;}\">\n\t\t\t\t\t\t<div class=\"elementor-container elementor-column-gap-default\">\n\t\t\t\t\t<div class=\"elementor-column elementor-col-100 elementor-top-column elementor-element elementor-element-f7c7eca\" data-id=\"f7c7eca\" data-element_type=\"column\">\n\t\t\t<div class=\"elementor-widget-wrap elementor-element-populated\">\n\t\t\t\t\t\t<div class=\"elementor-element elementor-element-95462a6 elementor-widget elementor-widget-spacer\" data-id=\"95462a6\" data-element_type=\"widget\" data-widget_type=\"spacer.default\">\n\t\t\t\t<div class=\"elementor-widget-container\">\n\t\t\t\t\t<div class=\"elementor-spacer\">\n\t\t\t<div class=\"elementor-spacer-inner\"><\/div>\n\t\t<\/div>\n\t\t\t\t<\/div>\n\t\t\t\t<\/div>\n\t\t\t\t<div class=\"elementor-element elementor-element-03ae3bf elementor-widget elementor-widget-heading\" data-id=\"03ae3bf\" data-element_type=\"widget\" data-widget_type=\"heading.default\">\n\t\t\t\t<div class=\"elementor-widget-container\">\n\t\t\t<h2 class=\"elementor-heading-title elementor-size-default\">\u00bfC\u00f3mo contratar un seguro?<\/h2>\t\t<\/div>\n\t\t\t\t<\/div>\n\t\t\t\t<div class=\"elementor-element elementor-element-b86367d elementor-widget elementor-widget-text-editor\" data-id=\"b86367d\" data-element_type=\"widget\" data-widget_type=\"text-editor.default\">\n\t\t\t\t<div class=\"elementor-widget-container\">\n\t\t\t\t\t\t\t<p>Contamos con diversas v\u00edas de comunicaci\u00f3n para asesorar y poder brindar un excelente servicio:<\/p><p><a href=\"mailto:segurosbelloro@hotmail.com\">segurosbelloro@hotmail.com<\/a><\/p><p>Tel\u00e9fono: 4787 5536<\/p><p>WhatsApp: 1159611500<\/p><p>Ubicaci\u00f3n:Moldes 2168 C.A.B.A<\/p><p>Combinamos precios, aseguradoras y requisitos para conseguir la emisi\u00f3n definitiva del contrato que usted necesite.<\/p>\t\t\t\t\t\t<\/div>\n\t\t\t\t<\/div>\n\t\t\t\t\t<\/div>\n\t\t<\/div>\n\t\t\t\t\t<\/div>\n\t\t<\/section>\n\t\t\t\t<section class=\"elementor-section elementor-top-section elementor-element elementor-element-84dc27e elementor-section-boxed elementor-section-height-default elementor-section-height-default\" data-id=\"84dc27e\" data-element_type=\"section\">\n\t\t\t\t\t\t<div class=\"elementor-container elementor-column-gap-default\">\n\t\t\t\t\t<div class=\"elementor-column elementor-col-50 elementor-top-column elementor-element elementor-element-1e614df\" data-id=\"1e614df\" data-element_type=\"column\">\n\t\t\t<div class=\"elementor-widget-wrap elementor-element-populated\">\n\t\t\t\t\t\t<div class=\"elementor-element elementor-element-07ab703 elementor-widget elementor-widget-image\" data-id=\"07ab703\" data-element_type=\"widget\" data-widget_type=\"image.default\">\n\t\t\t\t<div class=\"elementor-widget-container\">\n\t\t\t\t\t\t\t\t\t\t\t\t\t<img decoding=\"async\" width=\"300\" height=\"281\" src=\"https:\/\/segurosbelloro.com\/wp-content\/uploads\/2019\/07\/formas_de_pago-01-300x281.png\" class=\"attachment-medium size-medium wp-image-822\" alt=\"\" srcset=\"https:\/\/segurosbelloro.com\/wp-content\/uploads\/2019\/07\/formas_de_pago-01-300x281.png 300w, https:\/\/segurosbelloro.com\/wp-content\/uploads\/2019\/07\/formas_de_pago-01.png 480w\" sizes=\"(max-width: 300px) 100vw, 300px\" \/>\t\t\t\t\t\t\t\t\t\t\t\t\t<\/div>\n\t\t\t\t<\/div>\n\t\t\t\t\t<\/div>\n\t\t<\/div>\n\t\t\t\t<div class=\"elementor-column elementor-col-50 elementor-top-column elementor-element elementor-element-7749bda\" data-id=\"7749bda\" data-element_type=\"column\">\n\t\t\t<div class=\"elementor-widget-wrap elementor-element-populated\">\n\t\t\t\t\t\t<div class=\"elementor-element elementor-element-06ea5f5 elementor-widget elementor-widget-spacer\" data-id=\"06ea5f5\" data-element_type=\"widget\" data-widget_type=\"spacer.default\">\n\t\t\t\t<div class=\"elementor-widget-container\">\n\t\t\t\t\t<div class=\"elementor-spacer\">\n\t\t\t<div class=\"elementor-spacer-inner\"><\/div>\n\t\t<\/div>\n\t\t\t\t<\/div>\n\t\t\t\t<\/div>\n\t\t\t\t<div class=\"elementor-element elementor-element-5128daf elementor-widget elementor-widget-heading\" data-id=\"5128daf\" data-element_type=\"widget\" data-widget_type=\"heading.default\">\n\t\t\t\t<div class=\"elementor-widget-container\">\n\t\t\t<h2 class=\"elementor-heading-title elementor-size-default\">\u00bfC\u00f3mo puedo pagar mi p\u00f3liza?<\/h2>\t\t<\/div>\n\t\t\t\t<\/div>\n\t\t\t\t<div class=\"elementor-element elementor-element-1f8423f elementor-widget elementor-widget-text-editor\" data-id=\"1f8423f\" data-element_type=\"widget\" data-widget_type=\"text-editor.default\">\n\t\t\t\t<div class=\"elementor-widget-container\">\n\t\t\t\t\t\t\t<p>Contamos con diversos canales de pago como lo son: Pago F\u00e1cil, Rapipago , Tarjeta de Cr\u00e9dito y Tarjeta de D\u00e9bito.<\/p>\t\t\t\t\t\t<\/div>\n\t\t\t\t<\/div>\n\t\t\t\t\t<\/div>\n\t\t<\/div>\n\t\t\t\t\t<\/div>\n\t\t<\/section>\n\t\t\t\t<section class=\"elementor-section elementor-top-section elementor-element elementor-element-3735ce0 elementor-section-boxed elementor-section-height-default elementor-section-height-default\" data-id=\"3735ce0\" data-element_type=\"section\" data-settings=\"{&quot;background_background&quot;:&quot;classic&quot;}\">\n\t\t\t\t\t\t<div class=\"elementor-container elementor-column-gap-default\">\n\t\t\t\t\t<div class=\"elementor-column elementor-col-100 elementor-top-column elementor-element elementor-element-1e09126\" data-id=\"1e09126\" data-element_type=\"column\">\n\t\t\t<div class=\"elementor-widget-wrap elementor-element-populated\">\n\t\t\t\t\t\t<div class=\"elementor-element elementor-element-7369ba8 elementor-widget elementor-widget-spacer\" data-id=\"7369ba8\" data-element_type=\"widget\" data-widget_type=\"spacer.default\">\n\t\t\t\t<div class=\"elementor-widget-container\">\n\t\t\t\t\t<div class=\"elementor-spacer\">\n\t\t\t<div class=\"elementor-spacer-inner\"><\/div>\n\t\t<\/div>\n\t\t\t\t<\/div>\n\t\t\t\t<\/div>\n\t\t\t\t<div class=\"elementor-element elementor-element-8c032ba elementor-widget elementor-widget-heading\" data-id=\"8c032ba\" data-element_type=\"widget\" data-widget_type=\"heading.default\">\n\t\t\t\t<div class=\"elementor-widget-container\">\n\t\t\t<h2 class=\"elementor-heading-title elementor-size-default\">\u00bfC\u00f3mo proceder en caso de siniestro automotor?<\/h2>\t\t<\/div>\n\t\t\t\t<\/div>\n\t\t\t\t<div class=\"elementor-element elementor-element-2413a9b elementor-widget elementor-widget-text-editor\" data-id=\"2413a9b\" data-element_type=\"widget\" data-widget_type=\"text-editor.default\">\n\t\t\t\t<div class=\"elementor-widget-container\">\n\t\t\t\t\t\t\t<p>Pod\u00e9s enviar un correo electr\u00f3nico a:\u00a0<a style=\"font-size: 15px;\" href=\"mailto:segurosbelloro@hotmail.com\">segurosbelloro@hotmail.com<\/a>, enviarnos un WhatsApp, o bien llamarnos. En todos los casos es necesaria la siguiente informaci\u00f3n:<\/p>\n<ul>\n<li>Su nombre, matr\u00edcula del veh\u00edculo y n\u00famero de p\u00f3liza.<\/li>\n<li>Fecha, hora, lugar de ocurrencia del siniestro.<\/li>\n<li>Descripci\u00f3n del accidente y localizaci\u00f3n de da\u00f1os de los veh\u00edculos que han intervenido.<\/li>\n<li>Marca, modelo, matr\u00edcula, n\u00famero de p\u00f3liza, compa\u00f1\u00eda aseguradora del veh\u00edculo del tercero.<\/li>\n<li>Nombre, direcci\u00f3n y tel\u00e9fono del tercero.<\/li>\n<li>Nombre, condici\u00f3n en el momento del siniestro (peat\u00f3n, conductor, ocupante, etc)<\/li>\n<li>Tipo de lesi\u00f3n de los lesionados como consecuencia del accidente, comprobantes.<\/li>\n<li>Agregar cualquier dato que considere relevante y en lo posible conseguir testigos.<\/li>\n<\/ul>\t\t\t\t\t\t<\/div>\n\t\t\t\t<\/div>\n\t\t\t\t<div class=\"elementor-element elementor-element-29f611c elementor-widget elementor-widget-spacer\" data-id=\"29f611c\" data-element_type=\"widget\" data-widget_type=\"spacer.default\">\n\t\t\t\t<div class=\"elementor-widget-container\">\n\t\t\t\t\t<div class=\"elementor-spacer\">\n\t\t\t<div class=\"elementor-spacer-inner\"><\/div>\n\t\t<\/div>\n\t\t\t\t<\/div>\n\t\t\t\t<\/div>\n\t\t\t\t\t<\/div>\n\t\t<\/div>\n\t\t\t\t\t<\/div>\n\t\t<\/section>\n\t\t\t\t<section class=\"elementor-section elementor-top-section elementor-element elementor-element-85e2e38 elementor-section-boxed elementor-section-height-default elementor-section-height-default\" data-id=\"85e2e38\" data-element_type=\"section\">\n\t\t\t\t\t\t<div class=\"elementor-container elementor-column-gap-default\">\n\t\t\t\t\t<div class=\"elementor-column elementor-col-50 elementor-top-column elementor-element elementor-element-d1348b0\" data-id=\"d1348b0\" data-element_type=\"column\">\n\t\t\t<div class=\"elementor-widget-wrap elementor-element-populated\">\n\t\t\t\t\t\t<div class=\"elementor-element elementor-element-558f22b elementor-widget elementor-widget-image\" data-id=\"558f22b\" data-element_type=\"widget\" data-widget_type=\"image.default\">\n\t\t\t\t<div class=\"elementor-widget-container\">\n\t\t\t\t\t\t\t\t\t\t\t\t\t<img decoding=\"async\" width=\"623\" height=\"478\" src=\"https:\/\/segurosbelloro.com\/wp-content\/uploads\/2019\/07\/seguro-hogar-kOYF-U50410084510rQC-624x480@Las-Provincias.jpg\" class=\"attachment-large size-large wp-image-817\" alt=\"\" srcset=\"https:\/\/segurosbelloro.com\/wp-content\/uploads\/2019\/07\/seguro-hogar-kOYF-U50410084510rQC-624x480@Las-Provincias.jpg 623w, https:\/\/segurosbelloro.com\/wp-content\/uploads\/2019\/07\/seguro-hogar-kOYF-U50410084510rQC-624x480@Las-Provincias-300x230.jpg 300w\" sizes=\"(max-width: 623px) 100vw, 623px\" \/>\t\t\t\t\t\t\t\t\t\t\t\t\t<\/div>\n\t\t\t\t<\/div>\n\t\t\t\t\t<\/div>\n\t\t<\/div>\n\t\t\t\t<div class=\"elementor-column elementor-col-50 elementor-top-column elementor-element elementor-element-cbd9894\" data-id=\"cbd9894\" data-element_type=\"column\">\n\t\t\t<div class=\"elementor-widget-wrap elementor-element-populated\">\n\t\t\t\t\t\t<div class=\"elementor-element elementor-element-13b8011 elementor-widget elementor-widget-heading\" data-id=\"13b8011\" data-element_type=\"widget\" data-widget_type=\"heading.default\">\n\t\t\t\t<div class=\"elementor-widget-container\">\n\t\t\t<h2 class=\"elementor-heading-title elementor-size-default\">\u00bfC\u00f3mo actuar frente a un siniestro que no es automotor?<\/h2>\t\t<\/div>\n\t\t\t\t<\/div>\n\t\t\t\t<div class=\"elementor-element elementor-element-14ce57f elementor-widget elementor-widget-text-editor\" data-id=\"14ce57f\" data-element_type=\"widget\" data-widget_type=\"text-editor.default\">\n\t\t\t\t<div class=\"elementor-widget-container\">\n\t\t\t\t\t\t\t<p>Dentro de las 72 hs de conocido el hecho se debe informar a la aseguradora, por cualquiera de las v\u00edas de comunicaci\u00f3n.<\/p>\n<ul>\n<li>Su nombre, bienes asegurados y n\u00famero de p\u00f3liza<\/li>\n<li>Fecha, hora, lugar de ocurrencia del siniestro<\/li>\n<li>Tel\u00e9fono de contacto<\/li>\n<li>Detalle de lo ocurrido<\/li>\n<li>Realizar inmediatamente una denuncia policial.<\/li>\n<li>Agregar cualquier dato que considere relevante y en lo posible conseguir testigos.<\/li>\n<li>En lo posible evitar cambios, limpieza o eliminar todo tipo de pruebas de lo ocurrido.<\/li>\n<li>Conservar toda la documentaci\u00f3n que se genere desde el siniestro.\u00a0<\/li>\n<\/ul>\t\t\t\t\t\t<\/div>\n\t\t\t\t<\/div>\n\t\t\t\t\t<\/div>\n\t\t<\/div>\n\t\t\t\t\t<\/div>\n\t\t<\/section>\n\t\t\t\t<\/div>\n\t\t","protected":false},"excerpt":{"rendered":"<p>PREGUNTAS FRECUENTES \u00bfQu\u00e9 es un seguro? Los contratos de seguros est\u00e1n legislados por la Ley de Seguros N\u00ba 17.418. Las compa\u00f1\u00edas aseguradoras, Productores Asesores de Seguros y Agentes Institorios se encuentran bajo control y Supervisi\u00f3n de Seguros de la Naci\u00f3n. Hay contrato de seguro cuando el asegurador se obliga, mediante una prima o cotizaci\u00f3n, a [&hellip;]<\/p>\n","protected":false},"author":1,"featured_media":0,"parent":0,"menu_order":0,"comment_status":"closed","ping_status":"closed","template":"elementor_header_footer","meta":{"site-sidebar-layout":"no-sidebar","site-content-layout":"page-builder","ast-site-content-layout":"","site-content-style":"default","site-sidebar-style":"default","ast-global-header-display":"","ast-banner-title-visibility":"","ast-main-header-display":"","ast-hfb-above-header-display":"","ast-hfb-below-header-display":"","ast-hfb-mobile-header-display":"","site-post-title":"disabled","ast-breadcrumbs-content":"disabled","ast-featured-img":"","footer-sml-layout":"","theme-transparent-header-meta":"disabled","adv-header-id-meta":"","stick-header-meta":"","header-above-stick-meta":"","header-main-stick-meta":"","header-below-stick-meta":"","astra-migrate-meta-layouts":"default","ast-page-background-enabled":"default","ast-page-background-meta":{"desktop":{"background-color":"","background-image":"","background-repeat":"repeat","background-position":"center center","background-size":"auto","background-attachment":"scroll","background-type":"","background-media":"","overlay-type":"","overlay-color":"","overlay-opacity":"","overlay-gradient":""},"tablet":{"background-color":"","background-image":"","background-repeat":"repeat","background-position":"center center","background-size":"auto","background-attachment":"scroll","background-type":"","background-media":"","overlay-type":"","overlay-color":"","overlay-opacity":"","overlay-gradient":""},"mobile":{"background-color":"","background-image":"","background-repeat":"repeat","background-position":"center center","background-size":"auto","background-attachment":"scroll","background-type":"","background-media":"","overlay-type":"","overlay-color":"","overlay-opacity":"","overlay-gradient":""}},"ast-content-background-meta":{"desktop":{"background-color":"var(--ast-global-color-5)","background-image":"","background-repeat":"repeat","background-position":"center center","background-size":"auto","background-attachment":"scroll","background-type":"","background-media":"","overlay-type":"","overlay-color":"","overlay-opacity":"","overlay-gradient":""},"tablet":{"background-color":"var(--ast-global-color-5)","background-image":"","background-repeat":"repeat","background-position":"center center","background-size":"auto","background-attachment":"scroll","background-type":"","background-media":"","overlay-type":"","overlay-color":"","overlay-opacity":"","overlay-gradient":""},"mobile":{"background-color":"var(--ast-global-color-5)","background-image":"","background-repeat":"repeat","background-position":"center center","background-size":"auto","background-attachment":"scroll","background-type":"","background-media":"","overlay-type":"","overlay-color":"","overlay-opacity":"","overlay-gradient":""}},"_joinchat":[],"footnotes":""},"class_list":["post-2","page","type-page","status-publish","hentry"],"_links":{"self":[{"href":"https:\/\/segurosbelloro.com\/index.php?rest_route=\/wp\/v2\/pages\/2"}],"collection":[{"href":"https:\/\/segurosbelloro.com\/index.php?rest_route=\/wp\/v2\/pages"}],"about":[{"href":"https:\/\/segurosbelloro.com\/index.php?rest_route=\/wp\/v2\/types\/page"}],"author":[{"embeddable":true,"href":"https:\/\/segurosbelloro.com\/index.php?rest_route=\/wp\/v2\/users\/1"}],"replies":[{"embeddable":true,"href":"https:\/\/segurosbelloro.com\/index.php?rest_route=%2Fwp%2Fv2%2Fcomments&post=2"}],"version-history":[{"count":18,"href":"https:\/\/segurosbelloro.com\/index.php?rest_route=\/wp\/v2\/pages\/2\/revisions"}],"predecessor-version":[{"id":917,"href":"https:\/\/segurosbelloro.com\/index.php?rest_route=\/wp\/v2\/pages\/2\/revisions\/917"}],"wp:attachment":[{"href":"https:\/\/segurosbelloro.com\/index.php?rest_route=%2Fwp%2Fv2%2Fmedia&parent=2"}],"curies":[{"name":"wp","href":"https:\/\/api.w.org\/{rel}","templated":true}]}}